{"id":55940,"date":"2025-08-21T15:33:55","date_gmt":"2025-08-21T12:33:55","guid":{"rendered":"https:\/\/affisemmp.com\/pricing-ver2\/"},"modified":"2025-10-23T12:35:41","modified_gmt":"2025-10-23T09:35:41","slug":"pricing-2","status":"publish","type":"page","link":"https:\/\/affisemmp.com\/pt\/pricing\/","title":{"rendered":"Pricing"},"content":{"rendered":"","protected":false},"excerpt":{"rendered":"","protected":false},"author":53,"featured_media":0,"parent":0,"menu_order":0,"comment_status":"closed","ping_status":"closed","template":"templates\/page-pricing-v2.php","meta":{"_acf_changed":false,"content-type":"","inline_featured_image":false,"footnotes":""},"acf":[],"yoast_head":"<!-- This site is optimized with the Yoast SEO plugin v23.1 - https:\/\/yoast.com\/wordpress\/plugins\/seo\/ -->\n<title>Planos Affise MMP \u2014 rastreio e antifraude escal\u00e1vel<\/title>\n<meta name=\"description\" content=\"Compare os planos Affise MMP: rastreio avan\u00e7ado, automa\u00e7\u00e3o, antifraude e segmenta\u00e7\u00e3o para apps, redes e campanhas globais.\" \/>\n<meta name=\"robots\" content=\"index, follow, max-snippet:-1, max-image-preview:large, max-video-preview:-1\" \/>\n<link rel=\"canonical\" href=\"https:\/\/affisemmp.com\/pt\/pricing\/\" \/>\n<meta property=\"og:locale\" content=\"pt_PT\" \/>\n<meta property=\"og:type\" content=\"article\" \/>\n<meta property=\"og:title\" content=\"Planos Affise MMP \u2014 rastreio e antifraude escal\u00e1vel\" \/>\n<meta property=\"og:description\" content=\"Compare os planos Affise MMP: rastreio avan\u00e7ado, automa\u00e7\u00e3o, antifraude e segmenta\u00e7\u00e3o para apps, redes e campanhas globais.\" \/>\n<meta property=\"og:url\" content=\"https:\/\/affisemmp.com\/pt\/pricing\/\" \/>\n<meta property=\"og:site_name\" content=\"Affise\" \/>\n<meta property=\"article:publisher\" content=\"https:\/\/www.facebook.com\/getaffise\" \/>\n<meta property=\"article:modified_time\" content=\"2025-10-23T09:35:41+00:00\" \/>\n<meta name=\"twitter:card\" content=\"summary_large_image\" \/>\n<meta name=\"twitter:site\" content=\"@GetAffise\" \/>\n<script type=\"application\/ld+json\" class=\"yoast-schema-graph\">{\"@context\":\"https:\/\/schema.org\",\"@graph\":[{\"@type\":\"WebPage\",\"@id\":\"https:\/\/affisemmp.com\/pt\/pricing\/\",\"url\":\"https:\/\/affisemmp.com\/pt\/pricing\/\",\"name\":\"Planos Affise MMP \u2014 rastreio e antifraude escal\u00e1vel\",\"isPartOf\":{\"@id\":\"https:\/\/affisemmp.com\/pt\/#website\"},\"datePublished\":\"2025-08-21T12:33:55+00:00\",\"dateModified\":\"2025-10-23T09:35:41+00:00\",\"description\":\"Compare os planos Affise MMP: rastreio avan\u00e7ado, automa\u00e7\u00e3o, antifraude e segmenta\u00e7\u00e3o para apps, redes e campanhas globais.\",\"breadcrumb\":{\"@id\":\"https:\/\/affisemmp.com\/pt\/pricing\/#breadcrumb\"},\"inLanguage\":\"pt-PT\",\"potentialAction\":[{\"@type\":\"ReadAction\",\"target\":[\"https:\/\/affisemmp.com\/pt\/pricing\/\"]}]},{\"@type\":\"BreadcrumbList\",\"@id\":\"https:\/\/affisemmp.com\/pt\/pricing\/#breadcrumb\",\"itemListElement\":[{\"@type\":\"ListItem\",\"position\":1,\"name\":\"Home\",\"item\":\"https:\/\/affisemmp.com\/pt\/\"},{\"@type\":\"ListItem\",\"position\":2,\"name\":\"Pricing\"}]},{\"@type\":\"WebSite\",\"@id\":\"https:\/\/affisemmp.com\/pt\/#website\",\"url\":\"https:\/\/affisemmp.com\/pt\/\",\"name\":\"Affise\",\"description\":\"Performance Marketing &amp; Mobile Attribution Platform\",\"publisher\":{\"@id\":\"https:\/\/affisemmp.com\/pt\/#organization\"},\"potentialAction\":[{\"@type\":\"SearchAction\",\"target\":{\"@type\":\"EntryPoint\",\"urlTemplate\":\"https:\/\/affisemmp.com\/pt\/?s={search_term_string}\"},\"query-input\":\"required name=search_term_string\"}],\"inLanguage\":\"pt-PT\"},{\"@type\":\"Organization\",\"@id\":\"https:\/\/affisemmp.com\/pt\/#organization\",\"name\":\"Affise Technologies Ltd\",\"alternateName\":\"Affise Technologies Ltd\",\"url\":\"https:\/\/affisemmp.com\/pt\/\",\"logo\":{\"@type\":\"ImageObject\",\"inLanguage\":\"pt-PT\",\"@id\":\"https:\/\/affisemmp.com\/pt\/#\/schema\/logo\/image\/\",\"url\":\"https:\/\/affisemmp.com\/wp-content\/uploads\/2021\/09\/affise-logo-banner.jpg\",\"contentUrl\":\"https:\/\/affisemmp.com\/wp-content\/uploads\/2021\/09\/affise-logo-banner.jpg\",\"width\":1080,\"height\":1080,\"caption\":\"Affise Technologies Ltd\"},\"image\":{\"@id\":\"https:\/\/affisemmp.com\/pt\/#\/schema\/logo\/image\/\"},\"sameAs\":[\"https:\/\/www.facebook.com\/getaffise\",\"https:\/\/x.com\/GetAffise\",\"https:\/\/www.instagram.com\/getaffise\/\",\"https:\/\/www.linkedin.com\/company\/affise-com\/\",\"https:\/\/medium.com\/@affise\",\"https:\/\/www.youtube.com\/channel\/UCkSVBagxxJzOxhmQ1KXAzPw\"]}]}<\/script>\n<!-- \/ Yoast SEO plugin. -->","yoast_head_json":{"title":"Planos Affise MMP \u2014 rastreio e antifraude escal\u00e1vel","description":"Compare os planos Affise MMP: rastreio avan\u00e7ado, automa\u00e7\u00e3o, antifraude e segmenta\u00e7\u00e3o para apps, redes e campanhas globais.","robots":{"index":"index","follow":"follow","max-snippet":"max-snippet:-1","max-image-preview":"max-image-preview:large","max-video-preview":"max-video-preview:-1"},"canonical":"https:\/\/affisemmp.com\/pt\/pricing\/","og_locale":"pt_PT","og_type":"article","og_title":"Planos Affise MMP \u2014 rastreio e antifraude escal\u00e1vel","og_description":"Compare os planos Affise MMP: rastreio avan\u00e7ado, automa\u00e7\u00e3o, antifraude e segmenta\u00e7\u00e3o para apps, redes e campanhas globais.","og_url":"https:\/\/affisemmp.com\/pt\/pricing\/","og_site_name":"Affise","article_publisher":"https:\/\/www.facebook.com\/getaffise","article_modified_time":"2025-10-23T09:35:41+00:00","twitter_card":"summary_large_image","twitter_site":"@GetAffise","schema":{"@context":"https:\/\/schema.org","@graph":[{"@type":"WebPage","@id":"https:\/\/affisemmp.com\/pt\/pricing\/","url":"https:\/\/affisemmp.com\/pt\/pricing\/","name":"Planos Affise MMP \u2014 rastreio e antifraude escal\u00e1vel","isPartOf":{"@id":"https:\/\/affisemmp.com\/pt\/#website"},"datePublished":"2025-08-21T12:33:55+00:00","dateModified":"2025-10-23T09:35:41+00:00","description":"Compare os planos Affise MMP: rastreio avan\u00e7ado, automa\u00e7\u00e3o, antifraude e segmenta\u00e7\u00e3o para apps, redes e campanhas globais.","breadcrumb":{"@id":"https:\/\/affisemmp.com\/pt\/pricing\/#breadcrumb"},"inLanguage":"pt-PT","potentialAction":[{"@type":"ReadAction","target":["https:\/\/affisemmp.com\/pt\/pricing\/"]}]},{"@type":"BreadcrumbList","@id":"https:\/\/affisemmp.com\/pt\/pricing\/#breadcrumb","itemListElement":[{"@type":"ListItem","position":1,"name":"Home","item":"https:\/\/affisemmp.com\/pt\/"},{"@type":"ListItem","position":2,"name":"Pricing"}]},{"@type":"WebSite","@id":"https:\/\/affisemmp.com\/pt\/#website","url":"https:\/\/affisemmp.com\/pt\/","name":"Affise","description":"Performance Marketing &amp; Mobile Attribution Platform","publisher":{"@id":"https:\/\/affisemmp.com\/pt\/#organization"},"potentialAction":[{"@type":"SearchAction","target":{"@type":"EntryPoint","urlTemplate":"https:\/\/affisemmp.com\/pt\/?s={search_term_string}"},"query-input":"required name=search_term_string"}],"inLanguage":"pt-PT"},{"@type":"Organization","@id":"https:\/\/affisemmp.com\/pt\/#organization","name":"Affise Technologies Ltd","alternateName":"Affise Technologies Ltd","url":"https:\/\/affisemmp.com\/pt\/","logo":{"@type":"ImageObject","inLanguage":"pt-PT","@id":"https:\/\/affisemmp.com\/pt\/#\/schema\/logo\/image\/","url":"https:\/\/affisemmp.com\/wp-content\/uploads\/2021\/09\/affise-logo-banner.jpg","contentUrl":"https:\/\/affisemmp.com\/wp-content\/uploads\/2021\/09\/affise-logo-banner.jpg","width":1080,"height":1080,"caption":"Affise Technologies Ltd"},"image":{"@id":"https:\/\/affisemmp.com\/pt\/#\/schema\/logo\/image\/"},"sameAs":["https:\/\/www.facebook.com\/getaffise","https:\/\/x.com\/GetAffise","https:\/\/www.instagram.com\/getaffise\/","https:\/\/www.linkedin.com\/company\/affise-com\/","https:\/\/medium.com\/@affise","https:\/\/www.youtube.com\/channel\/UCkSVBagxxJzOxhmQ1KXAzPw"]}]}},"_links":{"self":[{"href":"https:\/\/affisemmp.com\/pt\/wp-json\/wp\/v2\/pages\/55940"}],"collection":[{"href":"https:\/\/affisemmp.com\/pt\/wp-json\/wp\/v2\/pages"}],"about":[{"href":"https:\/\/affisemmp.com\/pt\/wp-json\/wp\/v2\/types\/page"}],"author":[{"embeddable":true,"href":"https:\/\/affisemmp.com\/pt\/wp-json\/wp\/v2\/users\/53"}],"replies":[{"embeddable":true,"href":"https:\/\/affisemmp.com\/pt\/wp-json\/wp\/v2\/comments?post=55940"}],"version-history":[{"count":0,"href":"https:\/\/affisemmp.com\/pt\/wp-json\/wp\/v2\/pages\/55940\/revisions"}],"wp:attachment":[{"href":"https:\/\/affisemmp.com\/pt\/wp-json\/wp\/v2\/media?parent=55940"}],"curies":[{"name":"wp","href":"https:\/\/api.w.org\/{rel}","templated":true}]}}