{"id":47297,"date":"2021-09-20T09:27:42","date_gmt":"2021-09-20T06:27:42","guid":{"rendered":"https:\/\/affise.com\/agencias\/"},"modified":"2025-12-08T12:44:44","modified_gmt":"2025-12-08T09:44:44","slug":"agencies","status":"publish","type":"page","link":"https:\/\/affisemmp.com\/pt\/agencies\/","title":{"rendered":"Ag\u00eancias"},"content":{"rendered":"","protected":false},"excerpt":{"rendered":"","protected":false},"author":33,"featured_media":0,"parent":0,"menu_order":0,"comment_status":"closed","ping_status":"closed","template":"page-templates\/2021_agencies.php","meta":{"_acf_changed":false,"content-type":"","inline_featured_image":false,"footnotes":""},"acf":[],"yoast_head":"<!-- This site is optimized with the Yoast SEO plugin v23.1 - https:\/\/yoast.com\/wordpress\/plugins\/seo\/ -->\n<title>Marketing de Afiliados para Ag\u00eancias | Gest\u00e3o Facilitada<\/title>\n<meta name=\"description\" content=\"Gerencie campanhas e parceiros com automa\u00e7\u00e3o, an\u00e1lise em tempo real e prote\u00e7\u00e3o contra fraudes. Maximize resultados com tecnologia eficaz.\" \/>\n<meta name=\"robots\" content=\"index, follow, max-snippet:-1, max-image-preview:large, max-video-preview:-1\" \/>\n<link rel=\"canonical\" href=\"https:\/\/affisemmp.com\/pt\/agencies\/\" \/>\n<meta property=\"og:locale\" content=\"pt_PT\" \/>\n<meta property=\"og:type\" content=\"article\" \/>\n<meta property=\"og:title\" content=\"Marketing de Afiliados para Ag\u00eancias | Gest\u00e3o Facilitada\" \/>\n<meta property=\"og:description\" content=\"Gerencie campanhas e parceiros com automa\u00e7\u00e3o, an\u00e1lise em tempo real e prote\u00e7\u00e3o contra fraudes. Maximize resultados com tecnologia eficaz.\" \/>\n<meta property=\"og:url\" content=\"https:\/\/affisemmp.com\/pt\/agencies\/\" \/>\n<meta property=\"og:site_name\" content=\"Affise\" \/>\n<meta property=\"article:publisher\" content=\"https:\/\/www.facebook.com\/getaffise\" \/>\n<meta property=\"article:modified_time\" content=\"2025-12-08T09:44:44+00:00\" \/>\n<meta name=\"twitter:card\" content=\"summary_large_image\" \/>\n<meta name=\"twitter:site\" content=\"@GetAffise\" \/>\n<script type=\"application\/ld+json\" class=\"yoast-schema-graph\">{\"@context\":\"https:\/\/schema.org\",\"@graph\":[{\"@type\":\"WebPage\",\"@id\":\"https:\/\/affisemmp.com\/pt\/agencies\/\",\"url\":\"https:\/\/affisemmp.com\/pt\/agencies\/\",\"name\":\"Marketing de Afiliados para Ag\u00eancias | Gest\u00e3o Facilitada\",\"isPartOf\":{\"@id\":\"https:\/\/affisemmp.com\/pt\/#website\"},\"datePublished\":\"2021-09-20T06:27:42+00:00\",\"dateModified\":\"2025-12-08T09:44:44+00:00\",\"description\":\"Gerencie campanhas e parceiros com automa\u00e7\u00e3o, an\u00e1lise em tempo real e prote\u00e7\u00e3o contra fraudes. Maximize resultados com tecnologia eficaz.\",\"breadcrumb\":{\"@id\":\"https:\/\/affisemmp.com\/pt\/agencies\/#breadcrumb\"},\"inLanguage\":\"pt-PT\",\"potentialAction\":[{\"@type\":\"ReadAction\",\"target\":[\"https:\/\/affisemmp.com\/pt\/agencies\/\"]}]},{\"@type\":\"BreadcrumbList\",\"@id\":\"https:\/\/affisemmp.com\/pt\/agencies\/#breadcrumb\",\"itemListElement\":[{\"@type\":\"ListItem\",\"position\":1,\"name\":\"Home\",\"item\":\"https:\/\/affisemmp.com\/pt\/\"},{\"@type\":\"ListItem\",\"position\":2,\"name\":\"Ag\u00eancias\"}]},{\"@type\":\"WebSite\",\"@id\":\"https:\/\/affisemmp.com\/pt\/#website\",\"url\":\"https:\/\/affisemmp.com\/pt\/\",\"name\":\"Affise\",\"description\":\"Performance Marketing &amp; Mobile Attribution Platform\",\"publisher\":{\"@id\":\"https:\/\/affisemmp.com\/pt\/#organization\"},\"potentialAction\":[{\"@type\":\"SearchAction\",\"target\":{\"@type\":\"EntryPoint\",\"urlTemplate\":\"https:\/\/affisemmp.com\/pt\/?s={search_term_string}\"},\"query-input\":\"required name=search_term_string\"}],\"inLanguage\":\"pt-PT\"},{\"@type\":\"Organization\",\"@id\":\"https:\/\/affisemmp.com\/pt\/#organization\",\"name\":\"Affise Technologies Ltd\",\"alternateName\":\"Affise Technologies Ltd\",\"url\":\"https:\/\/affisemmp.com\/pt\/\",\"logo\":{\"@type\":\"ImageObject\",\"inLanguage\":\"pt-PT\",\"@id\":\"https:\/\/affisemmp.com\/pt\/#\/schema\/logo\/image\/\",\"url\":\"https:\/\/affisemmp.com\/wp-content\/uploads\/2021\/09\/affise-logo-banner.jpg\",\"contentUrl\":\"https:\/\/affisemmp.com\/wp-content\/uploads\/2021\/09\/affise-logo-banner.jpg\",\"width\":1080,\"height\":1080,\"caption\":\"Affise Technologies Ltd\"},\"image\":{\"@id\":\"https:\/\/affisemmp.com\/pt\/#\/schema\/logo\/image\/\"},\"sameAs\":[\"https:\/\/www.facebook.com\/getaffise\",\"https:\/\/x.com\/GetAffise\",\"https:\/\/www.instagram.com\/getaffise\/\",\"https:\/\/www.linkedin.com\/company\/affise-com\/\",\"https:\/\/medium.com\/@affise\",\"https:\/\/www.youtube.com\/channel\/UCkSVBagxxJzOxhmQ1KXAzPw\"]}]}<\/script>\n<!-- \/ Yoast SEO plugin. -->","yoast_head_json":{"title":"Marketing de Afiliados para Ag\u00eancias | Gest\u00e3o Facilitada","description":"Gerencie campanhas e parceiros com automa\u00e7\u00e3o, an\u00e1lise em tempo real e prote\u00e7\u00e3o contra fraudes. Maximize resultados com tecnologia eficaz.","robots":{"index":"index","follow":"follow","max-snippet":"max-snippet:-1","max-image-preview":"max-image-preview:large","max-video-preview":"max-video-preview:-1"},"canonical":"https:\/\/affisemmp.com\/pt\/agencies\/","og_locale":"pt_PT","og_type":"article","og_title":"Marketing de Afiliados para Ag\u00eancias | Gest\u00e3o Facilitada","og_description":"Gerencie campanhas e parceiros com automa\u00e7\u00e3o, an\u00e1lise em tempo real e prote\u00e7\u00e3o contra fraudes. Maximize resultados com tecnologia eficaz.","og_url":"https:\/\/affisemmp.com\/pt\/agencies\/","og_site_name":"Affise","article_publisher":"https:\/\/www.facebook.com\/getaffise","article_modified_time":"2025-12-08T09:44:44+00:00","twitter_card":"summary_large_image","twitter_site":"@GetAffise","schema":{"@context":"https:\/\/schema.org","@graph":[{"@type":"WebPage","@id":"https:\/\/affisemmp.com\/pt\/agencies\/","url":"https:\/\/affisemmp.com\/pt\/agencies\/","name":"Marketing de Afiliados para Ag\u00eancias | Gest\u00e3o Facilitada","isPartOf":{"@id":"https:\/\/affisemmp.com\/pt\/#website"},"datePublished":"2021-09-20T06:27:42+00:00","dateModified":"2025-12-08T09:44:44+00:00","description":"Gerencie campanhas e parceiros com automa\u00e7\u00e3o, an\u00e1lise em tempo real e prote\u00e7\u00e3o contra fraudes. Maximize resultados com tecnologia eficaz.","breadcrumb":{"@id":"https:\/\/affisemmp.com\/pt\/agencies\/#breadcrumb"},"inLanguage":"pt-PT","potentialAction":[{"@type":"ReadAction","target":["https:\/\/affisemmp.com\/pt\/agencies\/"]}]},{"@type":"BreadcrumbList","@id":"https:\/\/affisemmp.com\/pt\/agencies\/#breadcrumb","itemListElement":[{"@type":"ListItem","position":1,"name":"Home","item":"https:\/\/affisemmp.com\/pt\/"},{"@type":"ListItem","position":2,"name":"Ag\u00eancias"}]},{"@type":"WebSite","@id":"https:\/\/affisemmp.com\/pt\/#website","url":"https:\/\/affisemmp.com\/pt\/","name":"Affise","description":"Performance Marketing &amp; Mobile Attribution Platform","publisher":{"@id":"https:\/\/affisemmp.com\/pt\/#organization"},"potentialAction":[{"@type":"SearchAction","target":{"@type":"EntryPoint","urlTemplate":"https:\/\/affisemmp.com\/pt\/?s={search_term_string}"},"query-input":"required name=search_term_string"}],"inLanguage":"pt-PT"},{"@type":"Organization","@id":"https:\/\/affisemmp.com\/pt\/#organization","name":"Affise Technologies Ltd","alternateName":"Affise Technologies Ltd","url":"https:\/\/affisemmp.com\/pt\/","logo":{"@type":"ImageObject","inLanguage":"pt-PT","@id":"https:\/\/affisemmp.com\/pt\/#\/schema\/logo\/image\/","url":"https:\/\/affisemmp.com\/wp-content\/uploads\/2021\/09\/affise-logo-banner.jpg","contentUrl":"https:\/\/affisemmp.com\/wp-content\/uploads\/2021\/09\/affise-logo-banner.jpg","width":1080,"height":1080,"caption":"Affise Technologies Ltd"},"image":{"@id":"https:\/\/affisemmp.com\/pt\/#\/schema\/logo\/image\/"},"sameAs":["https:\/\/www.facebook.com\/getaffise","https:\/\/x.com\/GetAffise","https:\/\/www.instagram.com\/getaffise\/","https:\/\/www.linkedin.com\/company\/affise-com\/","https:\/\/medium.com\/@affise","https:\/\/www.youtube.com\/channel\/UCkSVBagxxJzOxhmQ1KXAzPw"]}]}},"_links":{"self":[{"href":"https:\/\/affisemmp.com\/pt\/wp-json\/wp\/v2\/pages\/47297"}],"collection":[{"href":"https:\/\/affisemmp.com\/pt\/wp-json\/wp\/v2\/pages"}],"about":[{"href":"https:\/\/affisemmp.com\/pt\/wp-json\/wp\/v2\/types\/page"}],"author":[{"embeddable":true,"href":"https:\/\/affisemmp.com\/pt\/wp-json\/wp\/v2\/users\/33"}],"replies":[{"embeddable":true,"href":"https:\/\/affisemmp.com\/pt\/wp-json\/wp\/v2\/comments?post=47297"}],"version-history":[{"count":0,"href":"https:\/\/affisemmp.com\/pt\/wp-json\/wp\/v2\/pages\/47297\/revisions"}],"wp:attachment":[{"href":"https:\/\/affisemmp.com\/pt\/wp-json\/wp\/v2\/media?parent=47297"}],"curies":[{"name":"wp","href":"https:\/\/api.w.org\/{rel}","templated":true}]}}