{"id":47266,"date":"2022-02-10T15:03:41","date_gmt":"2022-02-10T12:03:41","guid":{"rendered":"https:\/\/affise.com\/case_studies\/como-a-bcnmonetize-melhorou-a-qualidade-do-trafego-e-aumentou-a-taxa-de-conversao-em-750\/"},"modified":"2022-02-10T15:03:41","modified_gmt":"2022-02-10T12:03:41","slug":"bcnmonetize","status":"publish","type":"page","link":"https:\/\/affisemmp.com\/pt\/case_studies\/bcnmonetize\/","title":{"rendered":"Como a BCNMonetize melhorou a qualidade do tr\u00e1fego e aumentou a taxa de convers\u00e3o em 750%"},"content":{"rendered":"","protected":false},"excerpt":{"rendered":"","protected":false},"author":33,"featured_media":41455,"parent":46889,"menu_order":0,"comment_status":"closed","ping_status":"closed","template":"page-templates\/2021_case_studies_page.php","meta":{"_acf_changed":false,"content-type":"","inline_featured_image":false,"footnotes":""},"acf":[],"yoast_head":"<!-- This site is optimized with the Yoast SEO plugin v23.1 - https:\/\/yoast.com\/wordpress\/plugins\/seo\/ -->\n<title>Como a BCNMonetize melhorou a qualidade do tr\u00e1fego e aumentou a taxa de convers\u00e3o em 750% &#8212; Affise<\/title>\n<meta name=\"description\" content=\"Com a Affise, a BCNMonetize conseguiu obter a solu\u00e7\u00e3o de que precisava, melhorou a qualidade do tr\u00e1fego, automatizou as tarefas di\u00e1rias e maximizou as convers\u00f5es.\" \/>\n<meta name=\"robots\" content=\"noindex, nofollow\" \/>\n<meta property=\"og:locale\" content=\"pt_PT\" \/>\n<meta property=\"og:type\" content=\"article\" \/>\n<meta property=\"og:title\" content=\"Como a BCNMonetize melhorou a qualidade do tr\u00e1fego e aumentou a taxa de convers\u00e3o em 750% &#8212; Affise\" \/>\n<meta property=\"og:description\" content=\"Com a Affise, a BCNMonetize conseguiu obter a solu\u00e7\u00e3o de que precisava, melhorou a qualidade do tr\u00e1fego, automatizou as tarefas di\u00e1rias e maximizou as convers\u00f5es.\" \/>\n<meta property=\"og:url\" content=\"https:\/\/affisemmp.com\/pt\/case_studies\/bcnmonetize\/\" \/>\n<meta property=\"og:site_name\" content=\"Affise\" \/>\n<meta property=\"article:publisher\" content=\"https:\/\/www.facebook.com\/getaffise\" \/>\n<meta property=\"og:image\" content=\"https:\/\/affisemmp.com\/wp-content\/uploads\/2022\/02\/bcnmonetize-featured-image.png\" \/>\n\t<meta property=\"og:image:width\" content=\"1892\" \/>\n\t<meta property=\"og:image:height\" content=\"672\" \/>\n\t<meta property=\"og:image:type\" content=\"image\/png\" \/>\n<meta name=\"twitter:card\" content=\"summary_large_image\" \/>\n<meta name=\"twitter:site\" content=\"@GetAffise\" \/>\n<script type=\"application\/ld+json\" class=\"yoast-schema-graph\">{\"@context\":\"https:\/\/schema.org\",\"@graph\":[{\"@type\":\"WebPage\",\"@id\":\"https:\/\/affisemmp.com\/pt\/case_studies\/bcnmonetize\/\",\"url\":\"https:\/\/affisemmp.com\/pt\/case_studies\/bcnmonetize\/\",\"name\":\"Como a BCNMonetize melhorou a qualidade do tr\u00e1fego e aumentou a taxa de convers\u00e3o em 750% &#8212; Affise\",\"isPartOf\":{\"@id\":\"https:\/\/affisemmp.com\/pt\/#website\"},\"primaryImageOfPage\":{\"@id\":\"https:\/\/affisemmp.com\/pt\/case_studies\/bcnmonetize\/#primaryimage\"},\"image\":{\"@id\":\"https:\/\/affisemmp.com\/pt\/case_studies\/bcnmonetize\/#primaryimage\"},\"thumbnailUrl\":\"https:\/\/affisemmp.com\/wp-content\/uploads\/2022\/02\/bcnmonetize-featured-image.png\",\"datePublished\":\"2022-02-10T12:03:41+00:00\",\"dateModified\":\"2022-02-10T12:03:41+00:00\",\"description\":\"Com a Affise, a BCNMonetize conseguiu obter a solu\u00e7\u00e3o de que precisava, melhorou a qualidade do tr\u00e1fego, automatizou as tarefas di\u00e1rias e maximizou as convers\u00f5es.\",\"breadcrumb\":{\"@id\":\"https:\/\/affisemmp.com\/pt\/case_studies\/bcnmonetize\/#breadcrumb\"},\"inLanguage\":\"pt-PT\",\"potentialAction\":[{\"@type\":\"ReadAction\",\"target\":[\"https:\/\/affisemmp.com\/pt\/case_studies\/bcnmonetize\/\"]}]},{\"@type\":\"ImageObject\",\"inLanguage\":\"pt-PT\",\"@id\":\"https:\/\/affisemmp.com\/pt\/case_studies\/bcnmonetize\/#primaryimage\",\"url\":\"https:\/\/affisemmp.com\/wp-content\/uploads\/2022\/02\/bcnmonetize-featured-image.png\",\"contentUrl\":\"https:\/\/affisemmp.com\/wp-content\/uploads\/2022\/02\/bcnmonetize-featured-image.png\",\"width\":1892,\"height\":672},{\"@type\":\"BreadcrumbList\",\"@id\":\"https:\/\/affisemmp.com\/pt\/case_studies\/bcnmonetize\/#breadcrumb\",\"itemListElement\":[{\"@type\":\"ListItem\",\"position\":1,\"name\":\"Home\",\"item\":\"https:\/\/affisemmp.com\/pt\/\"},{\"@type\":\"ListItem\",\"position\":2,\"name\":\"Case Studies\",\"item\":\"https:\/\/affisemmp.com\/pt\/case-studies\/\"},{\"@type\":\"ListItem\",\"position\":3,\"name\":\"Como a BCNMonetize melhorou a qualidade do tr\u00e1fego e aumentou a taxa de convers\u00e3o em 750%\"}]},{\"@type\":\"WebSite\",\"@id\":\"https:\/\/affisemmp.com\/pt\/#website\",\"url\":\"https:\/\/affisemmp.com\/pt\/\",\"name\":\"Affise\",\"description\":\"Performance Marketing &amp; Mobile Attribution Platform\",\"publisher\":{\"@id\":\"https:\/\/affisemmp.com\/pt\/#organization\"},\"potentialAction\":[{\"@type\":\"SearchAction\",\"target\":{\"@type\":\"EntryPoint\",\"urlTemplate\":\"https:\/\/affisemmp.com\/pt\/?s={search_term_string}\"},\"query-input\":\"required name=search_term_string\"}],\"inLanguage\":\"pt-PT\"},{\"@type\":\"Organization\",\"@id\":\"https:\/\/affisemmp.com\/pt\/#organization\",\"name\":\"Affise Technologies Ltd\",\"alternateName\":\"Affise Technologies Ltd\",\"url\":\"https:\/\/affisemmp.com\/pt\/\",\"logo\":{\"@type\":\"ImageObject\",\"inLanguage\":\"pt-PT\",\"@id\":\"https:\/\/affisemmp.com\/pt\/#\/schema\/logo\/image\/\",\"url\":\"https:\/\/affisemmp.com\/wp-content\/uploads\/2021\/09\/affise-logo-banner.jpg\",\"contentUrl\":\"https:\/\/affisemmp.com\/wp-content\/uploads\/2021\/09\/affise-logo-banner.jpg\",\"width\":1080,\"height\":1080,\"caption\":\"Affise Technologies Ltd\"},\"image\":{\"@id\":\"https:\/\/affisemmp.com\/pt\/#\/schema\/logo\/image\/\"},\"sameAs\":[\"https:\/\/www.facebook.com\/getaffise\",\"https:\/\/x.com\/GetAffise\",\"https:\/\/www.instagram.com\/getaffise\/\",\"https:\/\/www.linkedin.com\/company\/affise-com\/\",\"https:\/\/medium.com\/@affise\",\"https:\/\/www.youtube.com\/channel\/UCkSVBagxxJzOxhmQ1KXAzPw\"]}]}<\/script>\n<!-- \/ Yoast SEO plugin. -->","yoast_head_json":{"title":"Como a BCNMonetize melhorou a qualidade do tr\u00e1fego e aumentou a taxa de convers\u00e3o em 750% &#8212; Affise","description":"Com a Affise, a BCNMonetize conseguiu obter a solu\u00e7\u00e3o de que precisava, melhorou a qualidade do tr\u00e1fego, automatizou as tarefas di\u00e1rias e maximizou as convers\u00f5es.","robots":{"index":"noindex","follow":"nofollow"},"og_locale":"pt_PT","og_type":"article","og_title":"Como a BCNMonetize melhorou a qualidade do tr\u00e1fego e aumentou a taxa de convers\u00e3o em 750% &#8212; Affise","og_description":"Com a Affise, a BCNMonetize conseguiu obter a solu\u00e7\u00e3o de que precisava, melhorou a qualidade do tr\u00e1fego, automatizou as tarefas di\u00e1rias e maximizou as convers\u00f5es.","og_url":"https:\/\/affisemmp.com\/pt\/case_studies\/bcnmonetize\/","og_site_name":"Affise","article_publisher":"https:\/\/www.facebook.com\/getaffise","og_image":[{"width":1892,"height":672,"url":"https:\/\/affisemmp.com\/wp-content\/uploads\/2022\/02\/bcnmonetize-featured-image.png","type":"image\/png"}],"twitter_card":"summary_large_image","twitter_site":"@GetAffise","schema":{"@context":"https:\/\/schema.org","@graph":[{"@type":"WebPage","@id":"https:\/\/affisemmp.com\/pt\/case_studies\/bcnmonetize\/","url":"https:\/\/affisemmp.com\/pt\/case_studies\/bcnmonetize\/","name":"Como a BCNMonetize melhorou a qualidade do tr\u00e1fego e aumentou a taxa de convers\u00e3o em 750% &#8212; Affise","isPartOf":{"@id":"https:\/\/affisemmp.com\/pt\/#website"},"primaryImageOfPage":{"@id":"https:\/\/affisemmp.com\/pt\/case_studies\/bcnmonetize\/#primaryimage"},"image":{"@id":"https:\/\/affisemmp.com\/pt\/case_studies\/bcnmonetize\/#primaryimage"},"thumbnailUrl":"https:\/\/affisemmp.com\/wp-content\/uploads\/2022\/02\/bcnmonetize-featured-image.png","datePublished":"2022-02-10T12:03:41+00:00","dateModified":"2022-02-10T12:03:41+00:00","description":"Com a Affise, a BCNMonetize conseguiu obter a solu\u00e7\u00e3o de que precisava, melhorou a qualidade do tr\u00e1fego, automatizou as tarefas di\u00e1rias e maximizou as convers\u00f5es.","breadcrumb":{"@id":"https:\/\/affisemmp.com\/pt\/case_studies\/bcnmonetize\/#breadcrumb"},"inLanguage":"pt-PT","potentialAction":[{"@type":"ReadAction","target":["https:\/\/affisemmp.com\/pt\/case_studies\/bcnmonetize\/"]}]},{"@type":"ImageObject","inLanguage":"pt-PT","@id":"https:\/\/affisemmp.com\/pt\/case_studies\/bcnmonetize\/#primaryimage","url":"https:\/\/affisemmp.com\/wp-content\/uploads\/2022\/02\/bcnmonetize-featured-image.png","contentUrl":"https:\/\/affisemmp.com\/wp-content\/uploads\/2022\/02\/bcnmonetize-featured-image.png","width":1892,"height":672},{"@type":"BreadcrumbList","@id":"https:\/\/affisemmp.com\/pt\/case_studies\/bcnmonetize\/#breadcrumb","itemListElement":[{"@type":"ListItem","position":1,"name":"Home","item":"https:\/\/affisemmp.com\/pt\/"},{"@type":"ListItem","position":2,"name":"Case Studies","item":"https:\/\/affisemmp.com\/pt\/case-studies\/"},{"@type":"ListItem","position":3,"name":"Como a BCNMonetize melhorou a qualidade do tr\u00e1fego e aumentou a taxa de convers\u00e3o em 750%"}]},{"@type":"WebSite","@id":"https:\/\/affisemmp.com\/pt\/#website","url":"https:\/\/affisemmp.com\/pt\/","name":"Affise","description":"Performance Marketing &amp; Mobile Attribution Platform","publisher":{"@id":"https:\/\/affisemmp.com\/pt\/#organization"},"potentialAction":[{"@type":"SearchAction","target":{"@type":"EntryPoint","urlTemplate":"https:\/\/affisemmp.com\/pt\/?s={search_term_string}"},"query-input":"required name=search_term_string"}],"inLanguage":"pt-PT"},{"@type":"Organization","@id":"https:\/\/affisemmp.com\/pt\/#organization","name":"Affise Technologies Ltd","alternateName":"Affise Technologies Ltd","url":"https:\/\/affisemmp.com\/pt\/","logo":{"@type":"ImageObject","inLanguage":"pt-PT","@id":"https:\/\/affisemmp.com\/pt\/#\/schema\/logo\/image\/","url":"https:\/\/affisemmp.com\/wp-content\/uploads\/2021\/09\/affise-logo-banner.jpg","contentUrl":"https:\/\/affisemmp.com\/wp-content\/uploads\/2021\/09\/affise-logo-banner.jpg","width":1080,"height":1080,"caption":"Affise Technologies Ltd"},"image":{"@id":"https:\/\/affisemmp.com\/pt\/#\/schema\/logo\/image\/"},"sameAs":["https:\/\/www.facebook.com\/getaffise","https:\/\/x.com\/GetAffise","https:\/\/www.instagram.com\/getaffise\/","https:\/\/www.linkedin.com\/company\/affise-com\/","https:\/\/medium.com\/@affise","https:\/\/www.youtube.com\/channel\/UCkSVBagxxJzOxhmQ1KXAzPw"]}]}},"_links":{"self":[{"href":"https:\/\/affisemmp.com\/pt\/wp-json\/wp\/v2\/pages\/47266"}],"collection":[{"href":"https:\/\/affisemmp.com\/pt\/wp-json\/wp\/v2\/pages"}],"about":[{"href":"https:\/\/affisemmp.com\/pt\/wp-json\/wp\/v2\/types\/page"}],"author":[{"embeddable":true,"href":"https:\/\/affisemmp.com\/pt\/wp-json\/wp\/v2\/users\/33"}],"replies":[{"embeddable":true,"href":"https:\/\/affisemmp.com\/pt\/wp-json\/wp\/v2\/comments?post=47266"}],"version-history":[{"count":0,"href":"https:\/\/affisemmp.com\/pt\/wp-json\/wp\/v2\/pages\/47266\/revisions"}],"up":[{"embeddable":true,"href":"https:\/\/affisemmp.com\/pt\/wp-json\/wp\/v2\/pages\/46889"}],"wp:featuredmedia":[{"embeddable":true,"href":"https:\/\/affisemmp.com\/pt\/wp-json\/wp\/v2\/media\/41455"}],"wp:attachment":[{"href":"https:\/\/affisemmp.com\/pt\/wp-json\/wp\/v2\/media?parent=47266"}],"curies":[{"name":"wp","href":"https:\/\/api.w.org\/{rel}","templated":true}]}}