{"id":47218,"date":"2020-06-18T03:20:49","date_gmt":"2020-06-18T00:20:49","guid":{"rendered":"https:\/\/affise.com\/plataforma-de-gestao-de-afiliados-para-comercio-eletronico-e-retalho\/"},"modified":"2020-06-18T03:20:49","modified_gmt":"2020-06-18T00:20:49","slug":"affiliate-management-platform-for-ecommerce-retail","status":"publish","type":"page","link":"https:\/\/affisemmp.com\/pt\/affiliate-management-platform-for-ecommerce-retail\/","title":{"rendered":"Plataforma de gest\u00e3o de afiliados para com\u00e9rcio eletr\u00f3nico e retalho"},"content":{"rendered":"","protected":false},"excerpt":{"rendered":"","protected":false},"author":29,"featured_media":34688,"parent":0,"menu_order":0,"comment_status":"closed","ping_status":"closed","template":"page-templates\/2021_e-commerce.php","meta":{"_acf_changed":false,"content-type":"","inline_featured_image":false,"footnotes":""},"acf":[],"yoast_head":"<!-- This site is optimized with the Yoast SEO plugin v23.1 - https:\/\/yoast.com\/wordpress\/plugins\/seo\/ -->\n<title>N\u00e3o tem de o fazer sozinho - Fa\u00e7a uma parceria com a Affise para expandir o seu neg\u00f3cio de com\u00e9rcio eletr\u00f3nico<\/title>\n<meta name=\"description\" content=\"Expanda a sua base de clientes atrav\u00e9s de parcerias com ag\u00eancias, afiliados e influenciadores fi\u00e1veis. Amplie seu neg\u00f3cio de com\u00e9rcio eletr\u00f4nico com as parcerias da Affise.\" \/>\n<meta name=\"robots\" content=\"index, follow, max-snippet:-1, max-image-preview:large, max-video-preview:-1\" \/>\n<link rel=\"canonical\" href=\"https:\/\/affisemmp.com\/pt\/affiliate-management-platform-for-ecommerce-retail\/\" \/>\n<meta property=\"og:locale\" content=\"pt_PT\" \/>\n<meta property=\"og:type\" content=\"article\" \/>\n<meta property=\"og:title\" content=\"N\u00e3o tem de o fazer sozinho - Fa\u00e7a uma parceria com a Affise para expandir o seu neg\u00f3cio de com\u00e9rcio eletr\u00f3nico\" \/>\n<meta property=\"og:description\" content=\"Expanda a sua base de clientes atrav\u00e9s de parcerias com ag\u00eancias, afiliados e influenciadores fi\u00e1veis. Amplie seu neg\u00f3cio de com\u00e9rcio eletr\u00f4nico com as parcerias da Affise.\" \/>\n<meta property=\"og:url\" content=\"https:\/\/affisemmp.com\/pt\/affiliate-management-platform-for-ecommerce-retail\/\" \/>\n<meta property=\"og:site_name\" content=\"Affise\" \/>\n<meta property=\"article:publisher\" content=\"https:\/\/www.facebook.com\/getaffise\" \/>\n<meta property=\"og:image\" content=\"https:\/\/affisemmp.com\/wp-content\/uploads\/2020\/06\/preview.png\" \/>\n\t<meta property=\"og:image:width\" content=\"1200\" \/>\n\t<meta property=\"og:image:height\" content=\"628\" \/>\n\t<meta property=\"og:image:type\" content=\"image\/png\" \/>\n<meta name=\"twitter:card\" content=\"summary_large_image\" \/>\n<meta name=\"twitter:site\" content=\"@GetAffise\" \/>\n<script type=\"application\/ld+json\" class=\"yoast-schema-graph\">{\"@context\":\"https:\/\/schema.org\",\"@graph\":[{\"@type\":\"WebPage\",\"@id\":\"https:\/\/affisemmp.com\/pt\/affiliate-management-platform-for-ecommerce-retail\/\",\"url\":\"https:\/\/affisemmp.com\/pt\/affiliate-management-platform-for-ecommerce-retail\/\",\"name\":\"N\u00e3o tem de o fazer sozinho - Fa\u00e7a uma parceria com a Affise para expandir o seu neg\u00f3cio de com\u00e9rcio eletr\u00f3nico\",\"isPartOf\":{\"@id\":\"https:\/\/affisemmp.com\/pt\/#website\"},\"primaryImageOfPage\":{\"@id\":\"https:\/\/affisemmp.com\/pt\/affiliate-management-platform-for-ecommerce-retail\/#primaryimage\"},\"image\":{\"@id\":\"https:\/\/affisemmp.com\/pt\/affiliate-management-platform-for-ecommerce-retail\/#primaryimage\"},\"thumbnailUrl\":\"https:\/\/affisemmp.com\/wp-content\/uploads\/2020\/06\/preview.png\",\"datePublished\":\"2020-06-18T00:20:49+00:00\",\"dateModified\":\"2020-06-18T00:20:49+00:00\",\"description\":\"Expanda a sua base de clientes atrav\u00e9s de parcerias com ag\u00eancias, afiliados e influenciadores fi\u00e1veis. Amplie seu neg\u00f3cio de com\u00e9rcio eletr\u00f4nico com as parcerias da Affise.\",\"breadcrumb\":{\"@id\":\"https:\/\/affisemmp.com\/pt\/affiliate-management-platform-for-ecommerce-retail\/#breadcrumb\"},\"inLanguage\":\"pt-PT\",\"potentialAction\":[{\"@type\":\"ReadAction\",\"target\":[\"https:\/\/affisemmp.com\/pt\/affiliate-management-platform-for-ecommerce-retail\/\"]}]},{\"@type\":\"ImageObject\",\"inLanguage\":\"pt-PT\",\"@id\":\"https:\/\/affisemmp.com\/pt\/affiliate-management-platform-for-ecommerce-retail\/#primaryimage\",\"url\":\"https:\/\/affisemmp.com\/wp-content\/uploads\/2020\/06\/preview.png\",\"contentUrl\":\"https:\/\/affisemmp.com\/wp-content\/uploads\/2020\/06\/preview.png\",\"width\":1200,\"height\":628,\"caption\":\"Affiliate Marketing for Ecommerce Growth\"},{\"@type\":\"BreadcrumbList\",\"@id\":\"https:\/\/affisemmp.com\/pt\/affiliate-management-platform-for-ecommerce-retail\/#breadcrumb\",\"itemListElement\":[{\"@type\":\"ListItem\",\"position\":1,\"name\":\"Home\",\"item\":\"https:\/\/affisemmp.com\/pt\/\"},{\"@type\":\"ListItem\",\"position\":2,\"name\":\"Plataforma de gest\u00e3o de afiliados para com\u00e9rcio eletr\u00f3nico e retalho\"}]},{\"@type\":\"WebSite\",\"@id\":\"https:\/\/affisemmp.com\/pt\/#website\",\"url\":\"https:\/\/affisemmp.com\/pt\/\",\"name\":\"Affise\",\"description\":\"Performance Marketing &amp; Mobile Attribution Platform\",\"publisher\":{\"@id\":\"https:\/\/affisemmp.com\/pt\/#organization\"},\"potentialAction\":[{\"@type\":\"SearchAction\",\"target\":{\"@type\":\"EntryPoint\",\"urlTemplate\":\"https:\/\/affisemmp.com\/pt\/?s={search_term_string}\"},\"query-input\":\"required name=search_term_string\"}],\"inLanguage\":\"pt-PT\"},{\"@type\":\"Organization\",\"@id\":\"https:\/\/affisemmp.com\/pt\/#organization\",\"name\":\"Affise Technologies Ltd\",\"alternateName\":\"Affise Technologies Ltd\",\"url\":\"https:\/\/affisemmp.com\/pt\/\",\"logo\":{\"@type\":\"ImageObject\",\"inLanguage\":\"pt-PT\",\"@id\":\"https:\/\/affisemmp.com\/pt\/#\/schema\/logo\/image\/\",\"url\":\"https:\/\/affisemmp.com\/wp-content\/uploads\/2021\/09\/affise-logo-banner.jpg\",\"contentUrl\":\"https:\/\/affisemmp.com\/wp-content\/uploads\/2021\/09\/affise-logo-banner.jpg\",\"width\":1080,\"height\":1080,\"caption\":\"Affise Technologies Ltd\"},\"image\":{\"@id\":\"https:\/\/affisemmp.com\/pt\/#\/schema\/logo\/image\/\"},\"sameAs\":[\"https:\/\/www.facebook.com\/getaffise\",\"https:\/\/x.com\/GetAffise\",\"https:\/\/www.instagram.com\/getaffise\/\",\"https:\/\/www.linkedin.com\/company\/affise-com\/\",\"https:\/\/medium.com\/@affise\",\"https:\/\/www.youtube.com\/channel\/UCkSVBagxxJzOxhmQ1KXAzPw\"]}]}<\/script>\n<!-- \/ Yoast SEO plugin. -->","yoast_head_json":{"title":"N\u00e3o tem de o fazer sozinho - Fa\u00e7a uma parceria com a Affise para expandir o seu neg\u00f3cio de com\u00e9rcio eletr\u00f3nico","description":"Expanda a sua base de clientes atrav\u00e9s de parcerias com ag\u00eancias, afiliados e influenciadores fi\u00e1veis. Amplie seu neg\u00f3cio de com\u00e9rcio eletr\u00f4nico com as parcerias da Affise.","robots":{"index":"index","follow":"follow","max-snippet":"max-snippet:-1","max-image-preview":"max-image-preview:large","max-video-preview":"max-video-preview:-1"},"canonical":"https:\/\/affisemmp.com\/pt\/affiliate-management-platform-for-ecommerce-retail\/","og_locale":"pt_PT","og_type":"article","og_title":"N\u00e3o tem de o fazer sozinho - Fa\u00e7a uma parceria com a Affise para expandir o seu neg\u00f3cio de com\u00e9rcio eletr\u00f3nico","og_description":"Expanda a sua base de clientes atrav\u00e9s de parcerias com ag\u00eancias, afiliados e influenciadores fi\u00e1veis. Amplie seu neg\u00f3cio de com\u00e9rcio eletr\u00f4nico com as parcerias da Affise.","og_url":"https:\/\/affisemmp.com\/pt\/affiliate-management-platform-for-ecommerce-retail\/","og_site_name":"Affise","article_publisher":"https:\/\/www.facebook.com\/getaffise","og_image":[{"width":1200,"height":628,"url":"https:\/\/affisemmp.com\/wp-content\/uploads\/2020\/06\/preview.png","type":"image\/png"}],"twitter_card":"summary_large_image","twitter_site":"@GetAffise","schema":{"@context":"https:\/\/schema.org","@graph":[{"@type":"WebPage","@id":"https:\/\/affisemmp.com\/pt\/affiliate-management-platform-for-ecommerce-retail\/","url":"https:\/\/affisemmp.com\/pt\/affiliate-management-platform-for-ecommerce-retail\/","name":"N\u00e3o tem de o fazer sozinho - Fa\u00e7a uma parceria com a Affise para expandir o seu neg\u00f3cio de com\u00e9rcio eletr\u00f3nico","isPartOf":{"@id":"https:\/\/affisemmp.com\/pt\/#website"},"primaryImageOfPage":{"@id":"https:\/\/affisemmp.com\/pt\/affiliate-management-platform-for-ecommerce-retail\/#primaryimage"},"image":{"@id":"https:\/\/affisemmp.com\/pt\/affiliate-management-platform-for-ecommerce-retail\/#primaryimage"},"thumbnailUrl":"https:\/\/affisemmp.com\/wp-content\/uploads\/2020\/06\/preview.png","datePublished":"2020-06-18T00:20:49+00:00","dateModified":"2020-06-18T00:20:49+00:00","description":"Expanda a sua base de clientes atrav\u00e9s de parcerias com ag\u00eancias, afiliados e influenciadores fi\u00e1veis. Amplie seu neg\u00f3cio de com\u00e9rcio eletr\u00f4nico com as parcerias da Affise.","breadcrumb":{"@id":"https:\/\/affisemmp.com\/pt\/affiliate-management-platform-for-ecommerce-retail\/#breadcrumb"},"inLanguage":"pt-PT","potentialAction":[{"@type":"ReadAction","target":["https:\/\/affisemmp.com\/pt\/affiliate-management-platform-for-ecommerce-retail\/"]}]},{"@type":"ImageObject","inLanguage":"pt-PT","@id":"https:\/\/affisemmp.com\/pt\/affiliate-management-platform-for-ecommerce-retail\/#primaryimage","url":"https:\/\/affisemmp.com\/wp-content\/uploads\/2020\/06\/preview.png","contentUrl":"https:\/\/affisemmp.com\/wp-content\/uploads\/2020\/06\/preview.png","width":1200,"height":628,"caption":"Affiliate Marketing for Ecommerce Growth"},{"@type":"BreadcrumbList","@id":"https:\/\/affisemmp.com\/pt\/affiliate-management-platform-for-ecommerce-retail\/#breadcrumb","itemListElement":[{"@type":"ListItem","position":1,"name":"Home","item":"https:\/\/affisemmp.com\/pt\/"},{"@type":"ListItem","position":2,"name":"Plataforma de gest\u00e3o de afiliados para com\u00e9rcio eletr\u00f3nico e retalho"}]},{"@type":"WebSite","@id":"https:\/\/affisemmp.com\/pt\/#website","url":"https:\/\/affisemmp.com\/pt\/","name":"Affise","description":"Performance Marketing &amp; Mobile Attribution Platform","publisher":{"@id":"https:\/\/affisemmp.com\/pt\/#organization"},"potentialAction":[{"@type":"SearchAction","target":{"@type":"EntryPoint","urlTemplate":"https:\/\/affisemmp.com\/pt\/?s={search_term_string}"},"query-input":"required name=search_term_string"}],"inLanguage":"pt-PT"},{"@type":"Organization","@id":"https:\/\/affisemmp.com\/pt\/#organization","name":"Affise Technologies Ltd","alternateName":"Affise Technologies Ltd","url":"https:\/\/affisemmp.com\/pt\/","logo":{"@type":"ImageObject","inLanguage":"pt-PT","@id":"https:\/\/affisemmp.com\/pt\/#\/schema\/logo\/image\/","url":"https:\/\/affisemmp.com\/wp-content\/uploads\/2021\/09\/affise-logo-banner.jpg","contentUrl":"https:\/\/affisemmp.com\/wp-content\/uploads\/2021\/09\/affise-logo-banner.jpg","width":1080,"height":1080,"caption":"Affise Technologies Ltd"},"image":{"@id":"https:\/\/affisemmp.com\/pt\/#\/schema\/logo\/image\/"},"sameAs":["https:\/\/www.facebook.com\/getaffise","https:\/\/x.com\/GetAffise","https:\/\/www.instagram.com\/getaffise\/","https:\/\/www.linkedin.com\/company\/affise-com\/","https:\/\/medium.com\/@affise","https:\/\/www.youtube.com\/channel\/UCkSVBagxxJzOxhmQ1KXAzPw"]}]}},"_links":{"self":[{"href":"https:\/\/affisemmp.com\/pt\/wp-json\/wp\/v2\/pages\/47218"}],"collection":[{"href":"https:\/\/affisemmp.com\/pt\/wp-json\/wp\/v2\/pages"}],"about":[{"href":"https:\/\/affisemmp.com\/pt\/wp-json\/wp\/v2\/types\/page"}],"author":[{"embeddable":true,"href":"https:\/\/affisemmp.com\/pt\/wp-json\/wp\/v2\/users\/29"}],"replies":[{"embeddable":true,"href":"https:\/\/affisemmp.com\/pt\/wp-json\/wp\/v2\/comments?post=47218"}],"version-history":[{"count":0,"href":"https:\/\/affisemmp.com\/pt\/wp-json\/wp\/v2\/pages\/47218\/revisions"}],"wp:featuredmedia":[{"embeddable":true,"href":"https:\/\/affisemmp.com\/pt\/wp-json\/wp\/v2\/media\/34688"}],"wp:attachment":[{"href":"https:\/\/affisemmp.com\/pt\/wp-json\/wp\/v2\/media?parent=47218"}],"curies":[{"name":"wp","href":"https:\/\/api.w.org\/{rel}","templated":true}]}}