{"id":47268,"date":"2022-02-10T15:03:41","date_gmt":"2022-02-10T12:03:41","guid":{"rendered":"https:\/\/affise.com\/case_studies\/como-bcnmonetize-mejoro-la-calidad-del-trafico-y-aumento-la-tasa-de-conversion-en-un-750\/"},"modified":"2023-11-23T10:19:27","modified_gmt":"2023-11-23T07:19:27","slug":"bcnmonetize","status":"publish","type":"page","link":"https:\/\/affisemmp.com\/es\/case_studies\/bcnmonetize\/","title":{"rendered":"C\u00f3mo BCNMonetize mejor\u00f3 la calidad del tr\u00e1fico y aument\u00f3 la tasa de conversi\u00f3n en un 750%."},"content":{"rendered":"","protected":false},"excerpt":{"rendered":"","protected":false},"author":33,"featured_media":41457,"parent":46891,"menu_order":0,"comment_status":"closed","ping_status":"closed","template":"page-templates\/2021_case_studies_page.php","meta":{"_acf_changed":false,"content-type":"","inline_featured_image":false,"footnotes":""},"acf":[],"yoast_head":"<!-- This site is optimized with the Yoast SEO plugin v23.1 - https:\/\/yoast.com\/wordpress\/plugins\/seo\/ -->\n<title>C\u00f3mo BCNMonetize mejor\u00f3 la calidad del tr\u00e1fico y aument\u00f3 la tasa de conversi\u00f3n en un 750%. &#8212; Affise<\/title>\n<meta name=\"description\" content=\"Con Affise, BCNMonetize consigui\u00f3 la soluci\u00f3n que necesitaba, mejor\u00f3 la calidad del tr\u00e1fico, automatiz\u00f3 las tareas diarias y maximiz\u00f3 las conversiones.\" \/>\n<meta name=\"robots\" content=\"noindex, nofollow\" \/>\n<meta property=\"og:locale\" content=\"es_ES\" \/>\n<meta property=\"og:type\" content=\"article\" \/>\n<meta property=\"og:title\" content=\"C\u00f3mo BCNMonetize mejor\u00f3 la calidad del tr\u00e1fico y aument\u00f3 la tasa de conversi\u00f3n en un 750%. &#8212; Affise\" \/>\n<meta property=\"og:description\" content=\"Con Affise, BCNMonetize consigui\u00f3 la soluci\u00f3n que necesitaba, mejor\u00f3 la calidad del tr\u00e1fico, automatiz\u00f3 las tareas diarias y maximiz\u00f3 las conversiones.\" \/>\n<meta property=\"og:url\" content=\"https:\/\/affisemmp.com\/es\/case_studies\/bcnmonetize\/\" \/>\n<meta property=\"og:site_name\" content=\"Affise\" \/>\n<meta property=\"article:publisher\" content=\"https:\/\/www.facebook.com\/getaffise\" \/>\n<meta property=\"article:modified_time\" content=\"2023-11-23T07:19:27+00:00\" \/>\n<meta property=\"og:image\" content=\"https:\/\/affisemmp.com\/wp-content\/uploads\/2022\/02\/bcnmonetize-featured-image.png\" \/>\n\t<meta property=\"og:image:width\" content=\"1892\" \/>\n\t<meta property=\"og:image:height\" content=\"672\" \/>\n\t<meta property=\"og:image:type\" content=\"image\/png\" \/>\n<meta name=\"twitter:card\" content=\"summary_large_image\" \/>\n<meta name=\"twitter:site\" content=\"@GetAffise\" \/>\n<script type=\"application\/ld+json\" class=\"yoast-schema-graph\">{\"@context\":\"https:\/\/schema.org\",\"@graph\":[{\"@type\":\"WebPage\",\"@id\":\"https:\/\/affisemmp.com\/es\/case_studies\/bcnmonetize\/\",\"url\":\"https:\/\/affisemmp.com\/es\/case_studies\/bcnmonetize\/\",\"name\":\"C\u00f3mo BCNMonetize mejor\u00f3 la calidad del tr\u00e1fico y aument\u00f3 la tasa de conversi\u00f3n en un 750%. &#8212; Affise\",\"isPartOf\":{\"@id\":\"https:\/\/affisemmp.com\/es\/#website\"},\"primaryImageOfPage\":{\"@id\":\"https:\/\/affisemmp.com\/es\/case_studies\/bcnmonetize\/#primaryimage\"},\"image\":{\"@id\":\"https:\/\/affisemmp.com\/es\/case_studies\/bcnmonetize\/#primaryimage\"},\"thumbnailUrl\":\"https:\/\/affisemmp.com\/wp-content\/uploads\/2022\/02\/bcnmonetize-featured-image.png\",\"datePublished\":\"2022-02-10T12:03:41+00:00\",\"dateModified\":\"2023-11-23T07:19:27+00:00\",\"description\":\"Con Affise, BCNMonetize consigui\u00f3 la soluci\u00f3n que necesitaba, mejor\u00f3 la calidad del tr\u00e1fico, automatiz\u00f3 las tareas diarias y maximiz\u00f3 las conversiones.\",\"breadcrumb\":{\"@id\":\"https:\/\/affisemmp.com\/es\/case_studies\/bcnmonetize\/#breadcrumb\"},\"inLanguage\":\"es\",\"potentialAction\":[{\"@type\":\"ReadAction\",\"target\":[\"https:\/\/affisemmp.com\/es\/case_studies\/bcnmonetize\/\"]}]},{\"@type\":\"ImageObject\",\"inLanguage\":\"es\",\"@id\":\"https:\/\/affisemmp.com\/es\/case_studies\/bcnmonetize\/#primaryimage\",\"url\":\"https:\/\/affisemmp.com\/wp-content\/uploads\/2022\/02\/bcnmonetize-featured-image.png\",\"contentUrl\":\"https:\/\/affisemmp.com\/wp-content\/uploads\/2022\/02\/bcnmonetize-featured-image.png\",\"width\":1892,\"height\":672},{\"@type\":\"BreadcrumbList\",\"@id\":\"https:\/\/affisemmp.com\/es\/case_studies\/bcnmonetize\/#breadcrumb\",\"itemListElement\":[{\"@type\":\"ListItem\",\"position\":1,\"name\":\"Home\",\"item\":\"https:\/\/affisemmp.com\/es\/\"},{\"@type\":\"ListItem\",\"position\":2,\"name\":\"Case Studies\",\"item\":\"https:\/\/affisemmp.com\/es\/case-studies\/\"},{\"@type\":\"ListItem\",\"position\":3,\"name\":\"C\u00f3mo BCNMonetize mejor\u00f3 la calidad del tr\u00e1fico y aument\u00f3 la tasa de conversi\u00f3n en un 750%.\"}]},{\"@type\":\"WebSite\",\"@id\":\"https:\/\/affisemmp.com\/es\/#website\",\"url\":\"https:\/\/affisemmp.com\/es\/\",\"name\":\"Affise\",\"description\":\"Performance Marketing &amp; Mobile Attribution Platform\",\"publisher\":{\"@id\":\"https:\/\/affisemmp.com\/es\/#organization\"},\"potentialAction\":[{\"@type\":\"SearchAction\",\"target\":{\"@type\":\"EntryPoint\",\"urlTemplate\":\"https:\/\/affisemmp.com\/es\/?s={search_term_string}\"},\"query-input\":\"required name=search_term_string\"}],\"inLanguage\":\"es\"},{\"@type\":\"Organization\",\"@id\":\"https:\/\/affisemmp.com\/es\/#organization\",\"name\":\"Affise Technologies Ltd\",\"alternateName\":\"Affise Technologies Ltd\",\"url\":\"https:\/\/affisemmp.com\/es\/\",\"logo\":{\"@type\":\"ImageObject\",\"inLanguage\":\"es\",\"@id\":\"https:\/\/affisemmp.com\/es\/#\/schema\/logo\/image\/\",\"url\":\"https:\/\/affisemmp.com\/wp-content\/uploads\/2021\/09\/affise-logo-banner.jpg\",\"contentUrl\":\"https:\/\/affisemmp.com\/wp-content\/uploads\/2021\/09\/affise-logo-banner.jpg\",\"width\":1080,\"height\":1080,\"caption\":\"Affise Technologies Ltd\"},\"image\":{\"@id\":\"https:\/\/affisemmp.com\/es\/#\/schema\/logo\/image\/\"},\"sameAs\":[\"https:\/\/www.facebook.com\/getaffise\",\"https:\/\/x.com\/GetAffise\",\"https:\/\/www.instagram.com\/getaffise\/\",\"https:\/\/www.linkedin.com\/company\/affise-com\/\",\"https:\/\/medium.com\/@affise\",\"https:\/\/www.youtube.com\/channel\/UCkSVBagxxJzOxhmQ1KXAzPw\"]}]}<\/script>\n<!-- \/ Yoast SEO plugin. -->","yoast_head_json":{"title":"C\u00f3mo BCNMonetize mejor\u00f3 la calidad del tr\u00e1fico y aument\u00f3 la tasa de conversi\u00f3n en un 750%. &#8212; Affise","description":"Con Affise, BCNMonetize consigui\u00f3 la soluci\u00f3n que necesitaba, mejor\u00f3 la calidad del tr\u00e1fico, automatiz\u00f3 las tareas diarias y maximiz\u00f3 las conversiones.","robots":{"index":"noindex","follow":"nofollow"},"og_locale":"es_ES","og_type":"article","og_title":"C\u00f3mo BCNMonetize mejor\u00f3 la calidad del tr\u00e1fico y aument\u00f3 la tasa de conversi\u00f3n en un 750%. &#8212; Affise","og_description":"Con Affise, BCNMonetize consigui\u00f3 la soluci\u00f3n que necesitaba, mejor\u00f3 la calidad del tr\u00e1fico, automatiz\u00f3 las tareas diarias y maximiz\u00f3 las conversiones.","og_url":"https:\/\/affisemmp.com\/es\/case_studies\/bcnmonetize\/","og_site_name":"Affise","article_publisher":"https:\/\/www.facebook.com\/getaffise","article_modified_time":"2023-11-23T07:19:27+00:00","og_image":[{"width":1892,"height":672,"url":"https:\/\/affisemmp.com\/wp-content\/uploads\/2022\/02\/bcnmonetize-featured-image.png","type":"image\/png"}],"twitter_card":"summary_large_image","twitter_site":"@GetAffise","schema":{"@context":"https:\/\/schema.org","@graph":[{"@type":"WebPage","@id":"https:\/\/affisemmp.com\/es\/case_studies\/bcnmonetize\/","url":"https:\/\/affisemmp.com\/es\/case_studies\/bcnmonetize\/","name":"C\u00f3mo BCNMonetize mejor\u00f3 la calidad del tr\u00e1fico y aument\u00f3 la tasa de conversi\u00f3n en un 750%. &#8212; Affise","isPartOf":{"@id":"https:\/\/affisemmp.com\/es\/#website"},"primaryImageOfPage":{"@id":"https:\/\/affisemmp.com\/es\/case_studies\/bcnmonetize\/#primaryimage"},"image":{"@id":"https:\/\/affisemmp.com\/es\/case_studies\/bcnmonetize\/#primaryimage"},"thumbnailUrl":"https:\/\/affisemmp.com\/wp-content\/uploads\/2022\/02\/bcnmonetize-featured-image.png","datePublished":"2022-02-10T12:03:41+00:00","dateModified":"2023-11-23T07:19:27+00:00","description":"Con Affise, BCNMonetize consigui\u00f3 la soluci\u00f3n que necesitaba, mejor\u00f3 la calidad del tr\u00e1fico, automatiz\u00f3 las tareas diarias y maximiz\u00f3 las conversiones.","breadcrumb":{"@id":"https:\/\/affisemmp.com\/es\/case_studies\/bcnmonetize\/#breadcrumb"},"inLanguage":"es","potentialAction":[{"@type":"ReadAction","target":["https:\/\/affisemmp.com\/es\/case_studies\/bcnmonetize\/"]}]},{"@type":"ImageObject","inLanguage":"es","@id":"https:\/\/affisemmp.com\/es\/case_studies\/bcnmonetize\/#primaryimage","url":"https:\/\/affisemmp.com\/wp-content\/uploads\/2022\/02\/bcnmonetize-featured-image.png","contentUrl":"https:\/\/affisemmp.com\/wp-content\/uploads\/2022\/02\/bcnmonetize-featured-image.png","width":1892,"height":672},{"@type":"BreadcrumbList","@id":"https:\/\/affisemmp.com\/es\/case_studies\/bcnmonetize\/#breadcrumb","itemListElement":[{"@type":"ListItem","position":1,"name":"Home","item":"https:\/\/affisemmp.com\/es\/"},{"@type":"ListItem","position":2,"name":"Case Studies","item":"https:\/\/affisemmp.com\/es\/case-studies\/"},{"@type":"ListItem","position":3,"name":"C\u00f3mo BCNMonetize mejor\u00f3 la calidad del tr\u00e1fico y aument\u00f3 la tasa de conversi\u00f3n en un 750%."}]},{"@type":"WebSite","@id":"https:\/\/affisemmp.com\/es\/#website","url":"https:\/\/affisemmp.com\/es\/","name":"Affise","description":"Performance Marketing &amp; Mobile Attribution Platform","publisher":{"@id":"https:\/\/affisemmp.com\/es\/#organization"},"potentialAction":[{"@type":"SearchAction","target":{"@type":"EntryPoint","urlTemplate":"https:\/\/affisemmp.com\/es\/?s={search_term_string}"},"query-input":"required name=search_term_string"}],"inLanguage":"es"},{"@type":"Organization","@id":"https:\/\/affisemmp.com\/es\/#organization","name":"Affise Technologies Ltd","alternateName":"Affise Technologies Ltd","url":"https:\/\/affisemmp.com\/es\/","logo":{"@type":"ImageObject","inLanguage":"es","@id":"https:\/\/affisemmp.com\/es\/#\/schema\/logo\/image\/","url":"https:\/\/affisemmp.com\/wp-content\/uploads\/2021\/09\/affise-logo-banner.jpg","contentUrl":"https:\/\/affisemmp.com\/wp-content\/uploads\/2021\/09\/affise-logo-banner.jpg","width":1080,"height":1080,"caption":"Affise Technologies Ltd"},"image":{"@id":"https:\/\/affisemmp.com\/es\/#\/schema\/logo\/image\/"},"sameAs":["https:\/\/www.facebook.com\/getaffise","https:\/\/x.com\/GetAffise","https:\/\/www.instagram.com\/getaffise\/","https:\/\/www.linkedin.com\/company\/affise-com\/","https:\/\/medium.com\/@affise","https:\/\/www.youtube.com\/channel\/UCkSVBagxxJzOxhmQ1KXAzPw"]}]}},"_links":{"self":[{"href":"https:\/\/affisemmp.com\/es\/wp-json\/wp\/v2\/pages\/47268"}],"collection":[{"href":"https:\/\/affisemmp.com\/es\/wp-json\/wp\/v2\/pages"}],"about":[{"href":"https:\/\/affisemmp.com\/es\/wp-json\/wp\/v2\/types\/page"}],"author":[{"embeddable":true,"href":"https:\/\/affisemmp.com\/es\/wp-json\/wp\/v2\/users\/33"}],"replies":[{"embeddable":true,"href":"https:\/\/affisemmp.com\/es\/wp-json\/wp\/v2\/comments?post=47268"}],"version-history":[{"count":0,"href":"https:\/\/affisemmp.com\/es\/wp-json\/wp\/v2\/pages\/47268\/revisions"}],"up":[{"embeddable":true,"href":"https:\/\/affisemmp.com\/es\/wp-json\/wp\/v2\/pages\/46891"}],"wp:featuredmedia":[{"embeddable":true,"href":"https:\/\/affisemmp.com\/es\/wp-json\/wp\/v2\/media\/41457"}],"wp:attachment":[{"href":"https:\/\/affisemmp.com\/es\/wp-json\/wp\/v2\/media?parent=47268"}],"curies":[{"name":"wp","href":"https:\/\/api.w.org\/{rel}","templated":true}]}}