{"id":47243,"date":"2022-09-17T20:42:37","date_gmt":"2022-09-17T17:42:37","guid":{"rendered":"https:\/\/affise.com\/inscripcion-reach\/"},"modified":"2025-06-19T17:31:58","modified_gmt":"2025-06-19T14:31:58","slug":"reach-sign-up","status":"publish","type":"page","link":"https:\/\/affisemmp.com\/es\/reach-sign-up\/","title":{"rendered":"Inscripci\u00f3n Reach"},"content":{"rendered":"","protected":false},"excerpt":{"rendered":"","protected":false},"author":33,"featured_media":0,"parent":0,"menu_order":0,"comment_status":"closed","ping_status":"closed","template":"page-templates\/2021_reach_signup.php","meta":{"_acf_changed":false,"content-type":"","inline_featured_image":false,"footnotes":""},"acf":[],"yoast_head":"<!-- This site is optimized with the Yoast SEO plugin v23.1 - https:\/\/yoast.com\/wordpress\/plugins\/seo\/ -->\n<title>Reg\u00edstrate en Affise Reach: Ampl\u00eda tu red de socios<\/title>\n<meta name=\"description\" content=\"Prueba Affise Reach gratis por 14 d\u00edas\u2014sin tarjeta. Automatiza asociaciones, gestiona campa\u00f1as y escala tu marketing de socios con eficiencia.\" \/>\n<meta name=\"robots\" content=\"index, follow, max-snippet:-1, max-image-preview:large, max-video-preview:-1\" \/>\n<link rel=\"canonical\" href=\"https:\/\/affisemmp.com\/es\/reach-sign-up\/\" \/>\n<meta property=\"og:locale\" content=\"es_ES\" \/>\n<meta property=\"og:type\" content=\"article\" \/>\n<meta property=\"og:title\" content=\"Reg\u00edstrate en Affise Reach: Ampl\u00eda tu red de socios\" \/>\n<meta property=\"og:description\" content=\"Prueba Affise Reach gratis por 14 d\u00edas\u2014sin tarjeta. Automatiza asociaciones, gestiona campa\u00f1as y escala tu marketing de socios con eficiencia.\" \/>\n<meta property=\"og:url\" content=\"https:\/\/affisemmp.com\/es\/reach-sign-up\/\" \/>\n<meta property=\"og:site_name\" content=\"Affise\" \/>\n<meta property=\"article:publisher\" content=\"https:\/\/www.facebook.com\/getaffise\" \/>\n<meta property=\"article:modified_time\" content=\"2025-06-19T14:31:58+00:00\" \/>\n<meta name=\"twitter:card\" content=\"summary_large_image\" \/>\n<meta name=\"twitter:site\" content=\"@GetAffise\" \/>\n<script type=\"application\/ld+json\" class=\"yoast-schema-graph\">{\"@context\":\"https:\/\/schema.org\",\"@graph\":[{\"@type\":\"WebPage\",\"@id\":\"https:\/\/affisemmp.com\/es\/reach-sign-up\/\",\"url\":\"https:\/\/affisemmp.com\/es\/reach-sign-up\/\",\"name\":\"Reg\u00edstrate en Affise Reach: Ampl\u00eda tu red de socios\",\"isPartOf\":{\"@id\":\"https:\/\/affisemmp.com\/es\/#website\"},\"datePublished\":\"2022-09-17T17:42:37+00:00\",\"dateModified\":\"2025-06-19T14:31:58+00:00\",\"description\":\"Prueba Affise Reach gratis por 14 d\u00edas\u2014sin tarjeta. Automatiza asociaciones, gestiona campa\u00f1as y escala tu marketing de socios con eficiencia.\",\"breadcrumb\":{\"@id\":\"https:\/\/affisemmp.com\/es\/reach-sign-up\/#breadcrumb\"},\"inLanguage\":\"es\",\"potentialAction\":[{\"@type\":\"ReadAction\",\"target\":[\"https:\/\/affisemmp.com\/es\/reach-sign-up\/\"]}]},{\"@type\":\"BreadcrumbList\",\"@id\":\"https:\/\/affisemmp.com\/es\/reach-sign-up\/#breadcrumb\",\"itemListElement\":[{\"@type\":\"ListItem\",\"position\":1,\"name\":\"Home\",\"item\":\"https:\/\/affisemmp.com\/es\/\"},{\"@type\":\"ListItem\",\"position\":2,\"name\":\"Inscripci\u00f3n Reach\"}]},{\"@type\":\"WebSite\",\"@id\":\"https:\/\/affisemmp.com\/es\/#website\",\"url\":\"https:\/\/affisemmp.com\/es\/\",\"name\":\"Affise\",\"description\":\"Performance Marketing &amp; Mobile Attribution Platform\",\"publisher\":{\"@id\":\"https:\/\/affisemmp.com\/es\/#organization\"},\"potentialAction\":[{\"@type\":\"SearchAction\",\"target\":{\"@type\":\"EntryPoint\",\"urlTemplate\":\"https:\/\/affisemmp.com\/es\/?s={search_term_string}\"},\"query-input\":\"required name=search_term_string\"}],\"inLanguage\":\"es\"},{\"@type\":\"Organization\",\"@id\":\"https:\/\/affisemmp.com\/es\/#organization\",\"name\":\"Affise Technologies Ltd\",\"alternateName\":\"Affise Technologies Ltd\",\"url\":\"https:\/\/affisemmp.com\/es\/\",\"logo\":{\"@type\":\"ImageObject\",\"inLanguage\":\"es\",\"@id\":\"https:\/\/affisemmp.com\/es\/#\/schema\/logo\/image\/\",\"url\":\"https:\/\/affisemmp.com\/wp-content\/uploads\/2021\/09\/affise-logo-banner.jpg\",\"contentUrl\":\"https:\/\/affisemmp.com\/wp-content\/uploads\/2021\/09\/affise-logo-banner.jpg\",\"width\":1080,\"height\":1080,\"caption\":\"Affise Technologies Ltd\"},\"image\":{\"@id\":\"https:\/\/affisemmp.com\/es\/#\/schema\/logo\/image\/\"},\"sameAs\":[\"https:\/\/www.facebook.com\/getaffise\",\"https:\/\/x.com\/GetAffise\",\"https:\/\/www.instagram.com\/getaffise\/\",\"https:\/\/www.linkedin.com\/company\/affise-com\/\",\"https:\/\/medium.com\/@affise\",\"https:\/\/www.youtube.com\/channel\/UCkSVBagxxJzOxhmQ1KXAzPw\"]}]}<\/script>\n<!-- \/ Yoast SEO plugin. -->","yoast_head_json":{"title":"Reg\u00edstrate en Affise Reach: Ampl\u00eda tu red de socios","description":"Prueba Affise Reach gratis por 14 d\u00edas\u2014sin tarjeta. Automatiza asociaciones, gestiona campa\u00f1as y escala tu marketing de socios con eficiencia.","robots":{"index":"index","follow":"follow","max-snippet":"max-snippet:-1","max-image-preview":"max-image-preview:large","max-video-preview":"max-video-preview:-1"},"canonical":"https:\/\/affisemmp.com\/es\/reach-sign-up\/","og_locale":"es_ES","og_type":"article","og_title":"Reg\u00edstrate en Affise Reach: Ampl\u00eda tu red de socios","og_description":"Prueba Affise Reach gratis por 14 d\u00edas\u2014sin tarjeta. Automatiza asociaciones, gestiona campa\u00f1as y escala tu marketing de socios con eficiencia.","og_url":"https:\/\/affisemmp.com\/es\/reach-sign-up\/","og_site_name":"Affise","article_publisher":"https:\/\/www.facebook.com\/getaffise","article_modified_time":"2025-06-19T14:31:58+00:00","twitter_card":"summary_large_image","twitter_site":"@GetAffise","schema":{"@context":"https:\/\/schema.org","@graph":[{"@type":"WebPage","@id":"https:\/\/affisemmp.com\/es\/reach-sign-up\/","url":"https:\/\/affisemmp.com\/es\/reach-sign-up\/","name":"Reg\u00edstrate en Affise Reach: Ampl\u00eda tu red de socios","isPartOf":{"@id":"https:\/\/affisemmp.com\/es\/#website"},"datePublished":"2022-09-17T17:42:37+00:00","dateModified":"2025-06-19T14:31:58+00:00","description":"Prueba Affise Reach gratis por 14 d\u00edas\u2014sin tarjeta. Automatiza asociaciones, gestiona campa\u00f1as y escala tu marketing de socios con eficiencia.","breadcrumb":{"@id":"https:\/\/affisemmp.com\/es\/reach-sign-up\/#breadcrumb"},"inLanguage":"es","potentialAction":[{"@type":"ReadAction","target":["https:\/\/affisemmp.com\/es\/reach-sign-up\/"]}]},{"@type":"BreadcrumbList","@id":"https:\/\/affisemmp.com\/es\/reach-sign-up\/#breadcrumb","itemListElement":[{"@type":"ListItem","position":1,"name":"Home","item":"https:\/\/affisemmp.com\/es\/"},{"@type":"ListItem","position":2,"name":"Inscripci\u00f3n Reach"}]},{"@type":"WebSite","@id":"https:\/\/affisemmp.com\/es\/#website","url":"https:\/\/affisemmp.com\/es\/","name":"Affise","description":"Performance Marketing &amp; Mobile Attribution Platform","publisher":{"@id":"https:\/\/affisemmp.com\/es\/#organization"},"potentialAction":[{"@type":"SearchAction","target":{"@type":"EntryPoint","urlTemplate":"https:\/\/affisemmp.com\/es\/?s={search_term_string}"},"query-input":"required name=search_term_string"}],"inLanguage":"es"},{"@type":"Organization","@id":"https:\/\/affisemmp.com\/es\/#organization","name":"Affise Technologies Ltd","alternateName":"Affise Technologies Ltd","url":"https:\/\/affisemmp.com\/es\/","logo":{"@type":"ImageObject","inLanguage":"es","@id":"https:\/\/affisemmp.com\/es\/#\/schema\/logo\/image\/","url":"https:\/\/affisemmp.com\/wp-content\/uploads\/2021\/09\/affise-logo-banner.jpg","contentUrl":"https:\/\/affisemmp.com\/wp-content\/uploads\/2021\/09\/affise-logo-banner.jpg","width":1080,"height":1080,"caption":"Affise Technologies Ltd"},"image":{"@id":"https:\/\/affisemmp.com\/es\/#\/schema\/logo\/image\/"},"sameAs":["https:\/\/www.facebook.com\/getaffise","https:\/\/x.com\/GetAffise","https:\/\/www.instagram.com\/getaffise\/","https:\/\/www.linkedin.com\/company\/affise-com\/","https:\/\/medium.com\/@affise","https:\/\/www.youtube.com\/channel\/UCkSVBagxxJzOxhmQ1KXAzPw"]}]}},"_links":{"self":[{"href":"https:\/\/affisemmp.com\/es\/wp-json\/wp\/v2\/pages\/47243"}],"collection":[{"href":"https:\/\/affisemmp.com\/es\/wp-json\/wp\/v2\/pages"}],"about":[{"href":"https:\/\/affisemmp.com\/es\/wp-json\/wp\/v2\/types\/page"}],"author":[{"embeddable":true,"href":"https:\/\/affisemmp.com\/es\/wp-json\/wp\/v2\/users\/33"}],"replies":[{"embeddable":true,"href":"https:\/\/affisemmp.com\/es\/wp-json\/wp\/v2\/comments?post=47243"}],"version-history":[{"count":0,"href":"https:\/\/affisemmp.com\/es\/wp-json\/wp\/v2\/pages\/47243\/revisions"}],"wp:attachment":[{"href":"https:\/\/affisemmp.com\/es\/wp-json\/wp\/v2\/media?parent=47243"}],"curies":[{"name":"wp","href":"https:\/\/api.w.org\/{rel}","templated":true}]}}